{"id":614,"date":"2021-09-28T13:23:19","date_gmt":"2021-09-28T10:23:19","guid":{"rendered":"https:\/\/insurance.liquid-themes.com\/elementor\/?page_id=614"},"modified":"2024-01-02T16:25:54","modified_gmt":"2024-01-02T13:25:54","slug":"about-us","status":"publish","type":"page","link":"https:\/\/www.venaragunesli.com\/en\/about-us\/","title":{"rendered":"About Us"},"content":{"rendered":"\t\t<div data-elementor-type=\"wp-page\" data-elementor-id=\"614\" class=\"elementor elementor-614\">\n\t\t\t\t<div class=\"elementor-element elementor-element-db7746e e-flex e-con-boxed e-con e-parent\" data-id=\"db7746e\" data-element_type=\"container\">\n\t\t\t\t\t<div class=\"e-con-inner\">\n\t\t\t\t<div class=\"elementor-element elementor-element-ad88867 elementor-widget elementor-widget-spacer\" data-id=\"ad88867\" data-element_type=\"widget\" data-widget_type=\"spacer.default\">\n\t\t\t\t<div class=\"elementor-widget-container\">\n\t\t\t\t\t\t\t<div class=\"elementor-spacer\">\n\t\t\t<div class=\"elementor-spacer-inner\"><\/div>\n\t\t<\/div>\n\t\t\t\t\t\t<\/div>\n\t\t\t\t<\/div>\n\t\t\t\t<div class=\"elementor-element elementor-element-128a9fe elementor-widget elementor-widget-heading\" data-id=\"128a9fe\" data-element_type=\"widget\" data-widget_type=\"heading.default\">\n\t\t\t\t<div class=\"elementor-widget-container\">\n\t\t\t\t\t<h2 class=\"elementor-heading-title elementor-size-default\">About \u0130nas Yap\u0131 A.\u015e.<\/h2>\t\t\t\t<\/div>\n\t\t\t\t<\/div>\n\t\t\t\t<div class=\"elementor-element elementor-element-213d37d elementor-widget elementor-widget-text-editor\" data-id=\"213d37d\" data-element_type=\"widget\" data-widget_type=\"text-editor.default\">\n\t\t\t\t<div class=\"elementor-widget-container\">\n\t\t\t\t\t\t\t\t\t<p>\u0130nas Yap\u0131 A.\u015e. It is an \u00d6zen Group organization.<\/p><p>With its 40 years of experience in the retail sector, \u00d6zen Group has gathered the brands Onur Market, Onursal Tar\u0131m, Onurca, \u00d6zen Gross, \u00d6zen Gayrimenkul, \u0130nas Yap\u0131, Filoport and Onlife Charge under its roof. In addition to its activities in the logistics centers located in Istanbul, Thrace and Bursa, Monet Et integrated Facility, Rapata Bakery Production Facility, Bayrampa\u015fa Market Facility, Antalya Market Facility, Bursa Barakfaki fruit and vegetable storage facility and Yeni\u015fehir fruit and vegetable warehouse, Antalya Kumluca fresh fruit and vegetable warehouse. It offers hundreds of products produced in its processing and packaging facility to its customers in a quality, healthy, hygienic and cost-effective manner with its more than 150 stores.<\/p><p>\u00d6zen Group of Companies also carries out social responsibility projects with the Ay\u015fe Hatun \u00d6zen Foundation.<\/p><p>\u00d6zen Group is now sharing this power with \u0130nas Yap\u0131 A.\u015e. It is starting to implement housing projects that will allow our people to have a more qualified life and environment, with its quality service approach based on a sense of responsibility towards society, by bringing it to the residential area with the &#8220;Venara&#8221; brand built by &#8230;<\/p>\t\t\t\t\t\t\t\t<\/div>\n\t\t\t\t<\/div>\n\t\t\t\t<div class=\"elementor-element elementor-element-32e3fa3 elementor-widget elementor-widget-heading\" data-id=\"32e3fa3\" data-element_type=\"widget\" data-widget_type=\"heading.default\">\n\t\t\t\t<div class=\"elementor-widget-container\">\n\t\t\t\t\t<h2 class=\"elementor-heading-title elementor-size-default\">About Cono\u011flu Group of Companies<\/h2>\t\t\t\t<\/div>\n\t\t\t\t<\/div>\n\t\t\t\t<div class=\"elementor-element elementor-element-9a48bd9 elementor-widget elementor-widget-text-editor\" data-id=\"9a48bd9\" data-element_type=\"widget\" data-widget_type=\"text-editor.default\">\n\t\t\t\t<div class=\"elementor-widget-container\">\n\t\t\t\t\t\t\t\t\t<p>Cono\u011flu group of companies laid its foundations in the construction sector in 1986, headquartered in Istanbul. Today, Cono\u011flu Group consists of 13 companies and partnerships spread over 3 main fields of activity: construction, trade and real estate.<\/p><p>Cono\u011flu \u0130n\u015faat, the core company of the Cono\u011flu Group, was established in 1999 as an international contracting company and has made a name for itself with many large-scale and high-tech international projects since the beginning of its activities.<\/p><p>With its leading position in the construction sector, financing opportunities, technological and administrative infrastructure capabilities, Cono\u011flu maintains its competitive advantage in both the private sector and public institutions, and in its private investments, its activities in national and international platforms with engineering-supply-construction based &#8220;turnkey&#8221; projects. It is positioned among the prestigious international Turkish contractors.<\/p>\t\t\t\t\t\t\t\t<\/div>\n\t\t\t\t<\/div>\n\t\t\t\t<div class=\"elementor-element elementor-element-b00ced1 elementor-widget elementor-widget-heading\" data-id=\"b00ced1\" data-element_type=\"widget\" data-widget_type=\"heading.default\">\n\t\t\t\t<div class=\"elementor-widget-container\">\n\t\t\t\t\t<h2 class=\"elementor-heading-title elementor-size-default\">Joint Project of \u0130nas Yap\u0131 and Cono\u011flu \u0130n\u015faat Venara G\u00fcne\u015fli<\/h2>\t\t\t\t<\/div>\n\t\t\t\t<\/div>\n\t\t\t\t<div class=\"elementor-element elementor-element-a48c75a elementor-widget elementor-widget-text-editor\" data-id=\"a48c75a\" data-element_type=\"widget\" data-widget_type=\"text-editor.default\">\n\t\t\t\t<div class=\"elementor-widget-container\">\n\t\t\t\t\t\t\t\t\t<p>\u0130nas Yap\u0131 and Cono\u011flu Group of Companies, which have successfully made a name for themselves in the sector with their housing and contracting projects, are joining forces in the Venara G\u00fcne\u015fli project. Venara G\u00fcne\u015fli is a candidate to be one of the most preferred projects with its location that will make your life easier, social areas, meticulousness in technical and architectural details, unique comfort, and living spaces that offer much more than a home.<\/p>\t\t\t\t\t\t\t\t<\/div>\n\t\t\t\t<\/div>\n\t\t\t\t\t<\/div>\n\t\t\t\t<\/div>\n\t\t<div class=\"elementor-element elementor-element-070b4ce e-flex e-con-boxed e-con e-parent\" data-id=\"070b4ce\" data-element_type=\"container\">\n\t\t\t\t\t<div class=\"e-con-inner\">\n\t\t<div class=\"elementor-element elementor-element-c84ebc5 e-con-full e-flex e-con e-child\" data-id=\"c84ebc5\" data-element_type=\"container\">\n\t\t\t\t<div class=\"elementor-element elementor-element-e8db3fc elementor-view-default elementor-position-top elementor-mobile-position-top elementor-widget elementor-widget-icon-box\" data-id=\"e8db3fc\" data-element_type=\"widget\" data-widget_type=\"icon-box.default\">\n\t\t\t\t<div class=\"elementor-widget-container\">\n\t\t\t\t\t\t\t<div class=\"elementor-icon-box-wrapper\">\n\n\t\t\t\t\t\t<div class=\"elementor-icon-box-icon\">\n\t\t\t\t<span  class=\"elementor-icon\">\n\t\t\t\t<i aria-hidden=\"true\" class=\"far fa-check-circle\"><\/i>\t\t\t\t<\/span>\n\t\t\t<\/div>\n\t\t\t\n\t\t\t\t\t\t<div class=\"elementor-icon-box-content\">\n\n\t\t\t\t\t\t\t\t\t<h3 class=\"elementor-icon-box-title\">\n\t\t\t\t\t\t<span  >\n\t\t\t\t\t\t\tVISION\t\t\t\t\t\t<\/span>\n\t\t\t\t\t<\/h3>\n\t\t\t\t\n\t\t\t\t\t\t\t\t\t<p class=\"elementor-icon-box-description\">\n\t\t\t\t\t\tOur first vision is to offer our people the quality living spaces they deserve, without compromising on SECURITY AND QUALITY, and to offer environmentally friendly, high-quality, contemporary and modern projects that always take into account our people's expectations, wishes and dreams, and to be a pioneer and example in the sector. While creating quality, completing our projects by adhering to the promised timings is one of our most important goals. We aim to raise our goals every day in line with the expectations of our people, and to grow by improving ourselves and our team by following the innovations in Turkey and the world\t\t\t\t\t<\/p>\n\t\t\t\t\n\t\t\t<\/div>\n\t\t\t\n\t\t<\/div>\n\t\t\t\t\t\t<\/div>\n\t\t\t\t<\/div>\n\t\t\t\t<\/div>\n\t\t<div class=\"elementor-element elementor-element-048a9b9 e-con-full e-flex e-con e-child\" data-id=\"048a9b9\" data-element_type=\"container\">\n\t\t\t\t<div class=\"elementor-element elementor-element-7fce4b9 elementor-view-default elementor-position-top elementor-mobile-position-top elementor-widget elementor-widget-icon-box\" data-id=\"7fce4b9\" data-element_type=\"widget\" data-widget_type=\"icon-box.default\">\n\t\t\t\t<div class=\"elementor-widget-container\">\n\t\t\t\t\t\t\t<div class=\"elementor-icon-box-wrapper\">\n\n\t\t\t\t\t\t<div class=\"elementor-icon-box-icon\">\n\t\t\t\t<span  class=\"elementor-icon\">\n\t\t\t\t<i aria-hidden=\"true\" class=\"far fa-check-circle\"><\/i>\t\t\t\t<\/span>\n\t\t\t<\/div>\n\t\t\t\n\t\t\t\t\t\t<div class=\"elementor-icon-box-content\">\n\n\t\t\t\t\t\t\t\t\t<h3 class=\"elementor-icon-box-title\">\n\t\t\t\t\t\t<span  >\n\t\t\t\t\t\t\tMISSION\t\t\t\t\t\t<\/span>\n\t\t\t\t\t<\/h3>\n\t\t\t\t\n\t\t\t\t\t\t\t\t\t<p class=\"elementor-icon-box-description\">\n\t\t\t\t\t\tFirst of all, we adopt the philosophy of \"safe life\", which is one of the most important concepts for human life, as our first goal. With this understanding, we will examine the possible risks, especially for our country, which is in an earthquake zone, with engineering studies down to the smallest detail, and build high-safety housing projects in line with the technology and features of the age. We aim not only to build houses but also to add value and beauty to our environment, society, cities and future with our qualified housing projects that make a difference with modern architecture and layout, fully meet the needs.\t\t\t\t\t<\/p>\n\t\t\t\t\n\t\t\t<\/div>\n\t\t\t\n\t\t<\/div>\n\t\t\t\t\t\t<\/div>\n\t\t\t\t<\/div>\n\t\t\t\t<\/div>\n\t\t\t\t\t<\/div>\n\t\t\t\t<\/div>\n\t\t\t\t<\/div>\n\t\t","protected":false},"excerpt":{"rendered":"<p>About \u0130nas Yap\u0131 A.\u015e. \u0130nas Yap\u0131 A.\u015e. It is an \u00d6zen Group organization. With its 40 years of experience in the retail sector, \u00d6zen Group has gathered the brands Onur Market, Onursal Tar\u0131m, Onurca, \u00d6zen Gross, \u00d6zen Gayrimenkul, \u0130nas Yap\u0131, Filoport and Onlife Charge under its roof. In addition to its activities in the logistics [&hellip;]<\/p>\n","protected":false},"author":1,"featured_media":0,"parent":0,"menu_order":0,"comment_status":"closed","ping_status":"closed","template":"","meta":{"footnotes":""},"yoast_head":"<!-- This site is optimized with the Yoast SEO plugin v23.5 - https:\/\/yoast.com\/wordpress\/plugins\/seo\/ -->\n<title>About Us - Venara G&uuml;ne\u015fli<\/title>\n<meta name=\"robots\" content=\"index, follow, max-snippet:-1, max-image-preview:large, max-video-preview:-1\" \/>\n<link rel=\"canonical\" href=\"https:\/\/www.venaragunesli.com\/en\/about-us\/\" \/>\n<meta property=\"og:locale\" content=\"tr_TR\" \/>\n<meta property=\"og:type\" content=\"article\" \/>\n<meta property=\"og:title\" content=\"About Us - Venara G&uuml;ne\u015fli\" \/>\n<meta property=\"og:description\" content=\"About \u0130nas Yap\u0131 A.\u015e. \u0130nas Yap\u0131 A.\u015e. It is an \u00d6zen Group organization. With its 40 years of experience in the retail sector, \u00d6zen Group has gathered the brands Onur Market, Onursal Tar\u0131m, Onurca, \u00d6zen Gross, \u00d6zen Gayrimenkul, \u0130nas Yap\u0131, Filoport and Onlife Charge under its roof. In addition to its activities in the logistics [&hellip;]\" \/>\n<meta property=\"og:url\" content=\"https:\/\/www.venaragunesli.com\/en\/about-us\/\" \/>\n<meta property=\"og:site_name\" content=\"Venara G&uuml;ne\u015fli\" \/>\n<meta property=\"article:publisher\" content=\"https:\/\/www.facebook.com\/people\/Venara-Gneli\/61551633223356\/?mibextid=LQQJ4d\" \/>\n<meta property=\"article:modified_time\" content=\"2024-01-02T13:25:54+00:00\" \/>\n<meta name=\"twitter:card\" content=\"summary_large_image\" \/>\n<meta name=\"twitter:site\" content=\"@venaragunesli\" \/>\n<meta name=\"twitter:label1\" content=\"Tahmini okuma s\u00fcresi\" \/>\n\t<meta name=\"twitter:data1\" content=\"4 dakika\" \/>\n<script type=\"application\/ld+json\" class=\"yoast-schema-graph\">{\"@context\":\"https:\/\/schema.org\",\"@graph\":[{\"@type\":\"WebPage\",\"@id\":\"https:\/\/www.venaragunesli.com\/en\/about-us\/\",\"url\":\"https:\/\/www.venaragunesli.com\/en\/about-us\/\",\"name\":\"About Us - Venara G&uuml;ne\u015fli\",\"isPartOf\":{\"@id\":\"https:\/\/www.venaragunesli.com\/en\/#website\"},\"datePublished\":\"2021-09-28T10:23:19+00:00\",\"dateModified\":\"2024-01-02T13:25:54+00:00\",\"breadcrumb\":{\"@id\":\"https:\/\/www.venaragunesli.com\/en\/about-us\/#breadcrumb\"},\"inLanguage\":\"tr\",\"potentialAction\":[{\"@type\":\"ReadAction\",\"target\":[\"https:\/\/www.venaragunesli.com\/en\/about-us\/\"]}]},{\"@type\":\"BreadcrumbList\",\"@id\":\"https:\/\/www.venaragunesli.com\/en\/about-us\/#breadcrumb\",\"itemListElement\":[{\"@type\":\"ListItem\",\"position\":1,\"name\":\"Anasayfa\",\"item\":\"https:\/\/www.venaragunesli.com\/en\/\"},{\"@type\":\"ListItem\",\"position\":2,\"name\":\"About Us\"}]},{\"@type\":\"WebSite\",\"@id\":\"https:\/\/www.venaragunesli.com\/en\/#website\",\"url\":\"https:\/\/www.venaragunesli.com\/en\/\",\"name\":\"Venara G&uuml;ne\u015fli\",\"description\":\"\",\"publisher\":{\"@id\":\"https:\/\/www.venaragunesli.com\/en\/#organization\"},\"potentialAction\":[{\"@type\":\"SearchAction\",\"target\":{\"@type\":\"EntryPoint\",\"urlTemplate\":\"https:\/\/www.venaragunesli.com\/en\/?s={search_term_string}\"},\"query-input\":{\"@type\":\"PropertyValueSpecification\",\"valueRequired\":true,\"valueName\":\"search_term_string\"}}],\"inLanguage\":\"tr\"},{\"@type\":\"Organization\",\"@id\":\"https:\/\/www.venaragunesli.com\/en\/#organization\",\"name\":\"Venara G&uuml;ne\u015fli\",\"url\":\"https:\/\/www.venaragunesli.com\/en\/\",\"logo\":{\"@type\":\"ImageObject\",\"inLanguage\":\"tr\",\"@id\":\"https:\/\/www.venaragunesli.com\/en\/#\/schema\/logo\/image\/\",\"url\":\"https:\/\/www.venaragunesli.com\/en\/wp-content\/uploads\/2023\/11\/cropped-favi512x512.png\",\"contentUrl\":\"https:\/\/www.venaragunesli.com\/en\/wp-content\/uploads\/2023\/11\/cropped-favi512x512.png\",\"width\":512,\"height\":512,\"caption\":\"Venara G&uuml;ne\u015fli\"},\"image\":{\"@id\":\"https:\/\/www.venaragunesli.com\/en\/#\/schema\/logo\/image\/\"},\"sameAs\":[\"https:\/\/www.facebook.com\/people\/Venara-Gneli\/61551633223356\/?mibextid=LQQJ4d\",\"https:\/\/x.com\/venaragunesli\",\"https:\/\/www.instagram.com\/venaragunesli\/?igshid=NGVhN2U2NjQ0Yg\",\"https:\/\/www.linkedin.com\/company\/venaragunesli\/about\/\",\"https:\/\/www.youtube.com\/channel\/UCyRvsC6yjvcn2Dx-QE4M45g\"]}]}<\/script>\n<!-- \/ Yoast SEO plugin. -->","yoast_head_json":{"title":"About Us - Venara G&uuml;ne\u015fli","robots":{"index":"index","follow":"follow","max-snippet":"max-snippet:-1","max-image-preview":"max-image-preview:large","max-video-preview":"max-video-preview:-1"},"canonical":"https:\/\/www.venaragunesli.com\/en\/about-us\/","og_locale":"tr_TR","og_type":"article","og_title":"About Us - Venara G&uuml;ne\u015fli","og_description":"About \u0130nas Yap\u0131 A.\u015e. \u0130nas Yap\u0131 A.\u015e. It is an \u00d6zen Group organization. With its 40 years of experience in the retail sector, \u00d6zen Group has gathered the brands Onur Market, Onursal Tar\u0131m, Onurca, \u00d6zen Gross, \u00d6zen Gayrimenkul, \u0130nas Yap\u0131, Filoport and Onlife Charge under its roof. In addition to its activities in the logistics [&hellip;]","og_url":"https:\/\/www.venaragunesli.com\/en\/about-us\/","og_site_name":"Venara G&uuml;ne\u015fli","article_publisher":"https:\/\/www.facebook.com\/people\/Venara-Gneli\/61551633223356\/?mibextid=LQQJ4d","article_modified_time":"2024-01-02T13:25:54+00:00","twitter_card":"summary_large_image","twitter_site":"@venaragunesli","twitter_misc":{"Tahmini okuma s\u00fcresi":"4 dakika"},"schema":{"@context":"https:\/\/schema.org","@graph":[{"@type":"WebPage","@id":"https:\/\/www.venaragunesli.com\/en\/about-us\/","url":"https:\/\/www.venaragunesli.com\/en\/about-us\/","name":"About Us - Venara G&uuml;ne\u015fli","isPartOf":{"@id":"https:\/\/www.venaragunesli.com\/en\/#website"},"datePublished":"2021-09-28T10:23:19+00:00","dateModified":"2024-01-02T13:25:54+00:00","breadcrumb":{"@id":"https:\/\/www.venaragunesli.com\/en\/about-us\/#breadcrumb"},"inLanguage":"tr","potentialAction":[{"@type":"ReadAction","target":["https:\/\/www.venaragunesli.com\/en\/about-us\/"]}]},{"@type":"BreadcrumbList","@id":"https:\/\/www.venaragunesli.com\/en\/about-us\/#breadcrumb","itemListElement":[{"@type":"ListItem","position":1,"name":"Anasayfa","item":"https:\/\/www.venaragunesli.com\/en\/"},{"@type":"ListItem","position":2,"name":"About Us"}]},{"@type":"WebSite","@id":"https:\/\/www.venaragunesli.com\/en\/#website","url":"https:\/\/www.venaragunesli.com\/en\/","name":"Venara G&uuml;ne\u015fli","description":"","publisher":{"@id":"https:\/\/www.venaragunesli.com\/en\/#organization"},"potentialAction":[{"@type":"SearchAction","target":{"@type":"EntryPoint","urlTemplate":"https:\/\/www.venaragunesli.com\/en\/?s={search_term_string}"},"query-input":{"@type":"PropertyValueSpecification","valueRequired":true,"valueName":"search_term_string"}}],"inLanguage":"tr"},{"@type":"Organization","@id":"https:\/\/www.venaragunesli.com\/en\/#organization","name":"Venara G&uuml;ne\u015fli","url":"https:\/\/www.venaragunesli.com\/en\/","logo":{"@type":"ImageObject","inLanguage":"tr","@id":"https:\/\/www.venaragunesli.com\/en\/#\/schema\/logo\/image\/","url":"https:\/\/www.venaragunesli.com\/en\/wp-content\/uploads\/2023\/11\/cropped-favi512x512.png","contentUrl":"https:\/\/www.venaragunesli.com\/en\/wp-content\/uploads\/2023\/11\/cropped-favi512x512.png","width":512,"height":512,"caption":"Venara G&uuml;ne\u015fli"},"image":{"@id":"https:\/\/www.venaragunesli.com\/en\/#\/schema\/logo\/image\/"},"sameAs":["https:\/\/www.facebook.com\/people\/Venara-Gneli\/61551633223356\/?mibextid=LQQJ4d","https:\/\/x.com\/venaragunesli","https:\/\/www.instagram.com\/venaragunesli\/?igshid=NGVhN2U2NjQ0Yg","https:\/\/www.linkedin.com\/company\/venaragunesli\/about\/","https:\/\/www.youtube.com\/channel\/UCyRvsC6yjvcn2Dx-QE4M45g"]}]}},"_links":{"self":[{"href":"https:\/\/www.venaragunesli.com\/en\/wp-json\/wp\/v2\/pages\/614"}],"collection":[{"href":"https:\/\/www.venaragunesli.com\/en\/wp-json\/wp\/v2\/pages"}],"about":[{"href":"https:\/\/www.venaragunesli.com\/en\/wp-json\/wp\/v2\/types\/page"}],"author":[{"embeddable":true,"href":"https:\/\/www.venaragunesli.com\/en\/wp-json\/wp\/v2\/users\/1"}],"replies":[{"embeddable":true,"href":"https:\/\/www.venaragunesli.com\/en\/wp-json\/wp\/v2\/comments?post=614"}],"version-history":[{"count":9,"href":"https:\/\/www.venaragunesli.com\/en\/wp-json\/wp\/v2\/pages\/614\/revisions"}],"predecessor-version":[{"id":2046,"href":"https:\/\/www.venaragunesli.com\/en\/wp-json\/wp\/v2\/pages\/614\/revisions\/2046"}],"wp:attachment":[{"href":"https:\/\/www.venaragunesli.com\/en\/wp-json\/wp\/v2\/media?parent=614"}],"curies":[{"name":"wp","href":"https:\/\/api.w.org\/{rel}","templated":true}]}}