{"id":1098,"date":"2023-10-17T14:54:44","date_gmt":"2023-10-17T11:54:44","guid":{"rendered":"https:\/\/www.venaragunesli.com\/en\/?page_id=1098"},"modified":"2024-01-02T15:44:57","modified_gmt":"2024-01-02T12:44:57","slug":"location","status":"publish","type":"page","link":"https:\/\/www.venaragunesli.com\/en\/location\/","title":{"rendered":"Location"},"content":{"rendered":"\t\t<div data-elementor-type=\"wp-page\" data-elementor-id=\"1098\" class=\"elementor elementor-1098\">\n\t\t\t\t<div class=\"elementor-element elementor-element-17597f3 e-flex e-con-boxed e-con e-parent\" data-id=\"17597f3\" data-element_type=\"container\">\n\t\t\t\t\t<div class=\"e-con-inner\">\n\t\t\t\t<div class=\"elementor-element elementor-element-d0d16e9 elementor-widget elementor-widget-spacer\" data-id=\"d0d16e9\" data-element_type=\"widget\" data-widget_type=\"spacer.default\">\n\t\t\t\t<div class=\"elementor-widget-container\">\n\t\t\t\t\t\t\t<div class=\"elementor-spacer\">\n\t\t\t<div class=\"elementor-spacer-inner\"><\/div>\n\t\t<\/div>\n\t\t\t\t\t\t<\/div>\n\t\t\t\t<\/div>\n\t\t\t\t<div class=\"elementor-element elementor-element-21e205c elementor-widget elementor-widget-heading\" data-id=\"21e205c\" data-element_type=\"widget\" data-widget_type=\"heading.default\">\n\t\t\t\t<div class=\"elementor-widget-container\">\n\t\t\t\t\t<h2 class=\"elementor-heading-title elementor-size-default\"><span style=\"color: #8d6f4b\">VENARA G\u00dcNE\u015eL\u0130<\/span>, Her yere , Her\u015feye \u00c7ok Yak\u0131n... <\/h2>\t\t\t\t<\/div>\n\t\t\t\t<\/div>\n\t\t\t\t<div class=\"elementor-element elementor-element-c179621 elementor-widget elementor-widget-image\" data-id=\"c179621\" data-element_type=\"widget\" data-widget_type=\"image.default\">\n\t\t\t\t<div class=\"elementor-widget-container\">\n\t\t\t\t\t\t\t\t\t\t\t\t\t\t\t<img fetchpriority=\"high\" decoding=\"async\" width=\"1500\" height=\"997\" src=\"https:\/\/www.venaragunesli.com\/en\/wp-content\/uploads\/2023\/10\/final-harita.jpg\" class=\"attachment-full size-full wp-image-1100\" alt=\"\" srcset=\"https:\/\/www.venaragunesli.com\/en\/wp-content\/uploads\/2023\/10\/final-harita.jpg 1500w, https:\/\/www.venaragunesli.com\/en\/wp-content\/uploads\/2023\/10\/final-harita-300x199.jpg 300w, https:\/\/www.venaragunesli.com\/en\/wp-content\/uploads\/2023\/10\/final-harita-1024x681.jpg 1024w, https:\/\/www.venaragunesli.com\/en\/wp-content\/uploads\/2023\/10\/final-harita-720x480.jpg 720w, https:\/\/www.venaragunesli.com\/en\/wp-content\/uploads\/2023\/10\/final-harita-600x399.jpg 600w\" sizes=\"(max-width: 1500px) 100vw, 1500px\" \/>\t\t\t\t\t\t\t\t\t\t\t\t\t\t\t<\/div>\n\t\t\t\t<\/div>\n\t\t\t\t<div class=\"elementor-element elementor-element-2d3d384 elementor-widget elementor-widget-image\" data-id=\"2d3d384\" data-element_type=\"widget\" data-widget_type=\"image.default\">\n\t\t\t\t<div class=\"elementor-widget-container\">\n\t\t\t\t\t\t\t\t\t\t\t\t\t\t\t<img decoding=\"async\" width=\"2469\" height=\"1035\" src=\"data:image\/svg+xml;charset=utf-8,%3Csvg xmlns%3D&#039;http%3A%2F%2Fwww.w3.org%2F2000%2Fsvg&#039; viewBox%3D&#039;0 0 2469 1035&#039;%2F%3E\" class=\"attachment-full size-full wp-image-1139 ld-lazyload\" alt=\"\" data-src=\"https:\/\/www.venaragunesli.com\/en\/wp-content\/uploads\/2023\/10\/iconlar-e1697622487202.jpg\" data-srcset=\"https:\/\/www.venaragunesli.com\/en\/wp-content\/uploads\/2023\/10\/iconlar-e1697622487202.jpg 2469w, https:\/\/www.venaragunesli.com\/en\/wp-content\/uploads\/2023\/10\/iconlar-e1697622487202-300x126.jpg 300w, https:\/\/www.venaragunesli.com\/en\/wp-content\/uploads\/2023\/10\/iconlar-e1697622487202-1024x429.jpg 1024w, https:\/\/www.venaragunesli.com\/en\/wp-content\/uploads\/2023\/10\/iconlar-e1697622487202-768x322.jpg 768w, https:\/\/www.venaragunesli.com\/en\/wp-content\/uploads\/2023\/10\/iconlar-e1697622487202-1536x644.jpg 1536w, https:\/\/www.venaragunesli.com\/en\/wp-content\/uploads\/2023\/10\/iconlar-e1697622487202-2048x859.jpg 2048w, https:\/\/www.venaragunesli.com\/en\/wp-content\/uploads\/2023\/10\/iconlar-e1697622487202-600x252.jpg 600w\" data-sizes=\"(max-width: 2469px) 100vw, 2469px\" data-aspect=\"2.3855072463768\" \/>\t\t\t\t\t\t\t\t\t\t\t\t\t\t\t<\/div>\n\t\t\t\t<\/div>\n\t\t\t\t\t<\/div>\n\t\t\t\t<\/div>\n\t\t\t\t<\/div>\n\t\t","protected":false},"excerpt":{"rendered":"<p>VENARA G\u00dcNE\u015eL\u0130, Her yere , Her\u015feye \u00c7ok Yak\u0131n&#8230;<\/p>\n","protected":false},"author":1,"featured_media":0,"parent":0,"menu_order":0,"comment_status":"closed","ping_status":"closed","template":"","meta":{"footnotes":""},"yoast_head":"<!-- This site is optimized with the Yoast SEO plugin v23.5 - https:\/\/yoast.com\/wordpress\/plugins\/seo\/ -->\n<title>Location - Venara G&uuml;ne\u015fli<\/title>\n<meta name=\"robots\" content=\"index, follow, max-snippet:-1, max-image-preview:large, max-video-preview:-1\" \/>\n<link rel=\"canonical\" href=\"https:\/\/www.venaragunesli.com\/en\/location\/\" \/>\n<meta property=\"og:locale\" content=\"tr_TR\" \/>\n<meta property=\"og:type\" content=\"article\" \/>\n<meta property=\"og:title\" content=\"Location - Venara G&uuml;ne\u015fli\" \/>\n<meta property=\"og:description\" content=\"VENARA G\u00dcNE\u015eL\u0130, Her yere , Her\u015feye \u00c7ok Yak\u0131n&#8230;\" \/>\n<meta property=\"og:url\" content=\"https:\/\/www.venaragunesli.com\/en\/location\/\" \/>\n<meta property=\"og:site_name\" content=\"Venara G&uuml;ne\u015fli\" \/>\n<meta property=\"article:publisher\" content=\"https:\/\/www.facebook.com\/people\/Venara-Gneli\/61551633223356\/?mibextid=LQQJ4d\" \/>\n<meta property=\"article:modified_time\" content=\"2024-01-02T12:44:57+00:00\" \/>\n<meta property=\"og:image\" content=\"https:\/\/www.venaragunesli.com\/en\/wp-content\/uploads\/2023\/10\/final-harita.jpg\" \/>\n<meta name=\"twitter:card\" content=\"summary_large_image\" \/>\n<meta name=\"twitter:site\" content=\"@venaragunesli\" \/>\n<script type=\"application\/ld+json\" class=\"yoast-schema-graph\">{\"@context\":\"https:\/\/schema.org\",\"@graph\":[{\"@type\":\"WebPage\",\"@id\":\"https:\/\/www.venaragunesli.com\/en\/location\/\",\"url\":\"https:\/\/www.venaragunesli.com\/en\/location\/\",\"name\":\"Location - Venara G&uuml;ne\u015fli\",\"isPartOf\":{\"@id\":\"https:\/\/www.venaragunesli.com\/en\/#website\"},\"primaryImageOfPage\":{\"@id\":\"https:\/\/www.venaragunesli.com\/en\/location\/#primaryimage\"},\"image\":{\"@id\":\"https:\/\/www.venaragunesli.com\/en\/location\/#primaryimage\"},\"thumbnailUrl\":\"https:\/\/www.venaragunesli.com\/en\/wp-content\/uploads\/2023\/10\/final-harita.jpg\",\"datePublished\":\"2023-10-17T11:54:44+00:00\",\"dateModified\":\"2024-01-02T12:44:57+00:00\",\"breadcrumb\":{\"@id\":\"https:\/\/www.venaragunesli.com\/en\/location\/#breadcrumb\"},\"inLanguage\":\"tr\",\"potentialAction\":[{\"@type\":\"ReadAction\",\"target\":[\"https:\/\/www.venaragunesli.com\/en\/location\/\"]}]},{\"@type\":\"ImageObject\",\"inLanguage\":\"tr\",\"@id\":\"https:\/\/www.venaragunesli.com\/en\/location\/#primaryimage\",\"url\":\"https:\/\/www.venaragunesli.com\/en\/wp-content\/uploads\/2023\/10\/final-harita.jpg\",\"contentUrl\":\"https:\/\/www.venaragunesli.com\/en\/wp-content\/uploads\/2023\/10\/final-harita.jpg\",\"width\":1500,\"height\":997},{\"@type\":\"BreadcrumbList\",\"@id\":\"https:\/\/www.venaragunesli.com\/en\/location\/#breadcrumb\",\"itemListElement\":[{\"@type\":\"ListItem\",\"position\":1,\"name\":\"Anasayfa\",\"item\":\"https:\/\/www.venaragunesli.com\/en\/\"},{\"@type\":\"ListItem\",\"position\":2,\"name\":\"Location\"}]},{\"@type\":\"WebSite\",\"@id\":\"https:\/\/www.venaragunesli.com\/en\/#website\",\"url\":\"https:\/\/www.venaragunesli.com\/en\/\",\"name\":\"Venara G&uuml;ne\u015fli\",\"description\":\"\",\"publisher\":{\"@id\":\"https:\/\/www.venaragunesli.com\/en\/#organization\"},\"potentialAction\":[{\"@type\":\"SearchAction\",\"target\":{\"@type\":\"EntryPoint\",\"urlTemplate\":\"https:\/\/www.venaragunesli.com\/en\/?s={search_term_string}\"},\"query-input\":{\"@type\":\"PropertyValueSpecification\",\"valueRequired\":true,\"valueName\":\"search_term_string\"}}],\"inLanguage\":\"tr\"},{\"@type\":\"Organization\",\"@id\":\"https:\/\/www.venaragunesli.com\/en\/#organization\",\"name\":\"Venara G&uuml;ne\u015fli\",\"url\":\"https:\/\/www.venaragunesli.com\/en\/\",\"logo\":{\"@type\":\"ImageObject\",\"inLanguage\":\"tr\",\"@id\":\"https:\/\/www.venaragunesli.com\/en\/#\/schema\/logo\/image\/\",\"url\":\"https:\/\/www.venaragunesli.com\/en\/wp-content\/uploads\/2023\/11\/cropped-favi512x512.png\",\"contentUrl\":\"https:\/\/www.venaragunesli.com\/en\/wp-content\/uploads\/2023\/11\/cropped-favi512x512.png\",\"width\":512,\"height\":512,\"caption\":\"Venara G&uuml;ne\u015fli\"},\"image\":{\"@id\":\"https:\/\/www.venaragunesli.com\/en\/#\/schema\/logo\/image\/\"},\"sameAs\":[\"https:\/\/www.facebook.com\/people\/Venara-Gneli\/61551633223356\/?mibextid=LQQJ4d\",\"https:\/\/x.com\/venaragunesli\",\"https:\/\/www.instagram.com\/venaragunesli\/?igshid=NGVhN2U2NjQ0Yg\",\"https:\/\/www.linkedin.com\/company\/venaragunesli\/about\/\",\"https:\/\/www.youtube.com\/channel\/UCyRvsC6yjvcn2Dx-QE4M45g\"]}]}<\/script>\n<!-- \/ Yoast SEO plugin. -->","yoast_head_json":{"title":"Location - Venara G&uuml;ne\u015fli","robots":{"index":"index","follow":"follow","max-snippet":"max-snippet:-1","max-image-preview":"max-image-preview:large","max-video-preview":"max-video-preview:-1"},"canonical":"https:\/\/www.venaragunesli.com\/en\/location\/","og_locale":"tr_TR","og_type":"article","og_title":"Location - Venara G&uuml;ne\u015fli","og_description":"VENARA G\u00dcNE\u015eL\u0130, Her yere , Her\u015feye \u00c7ok Yak\u0131n&#8230;","og_url":"https:\/\/www.venaragunesli.com\/en\/location\/","og_site_name":"Venara G&uuml;ne\u015fli","article_publisher":"https:\/\/www.facebook.com\/people\/Venara-Gneli\/61551633223356\/?mibextid=LQQJ4d","article_modified_time":"2024-01-02T12:44:57+00:00","og_image":[{"url":"https:\/\/www.venaragunesli.com\/en\/wp-content\/uploads\/2023\/10\/final-harita.jpg"}],"twitter_card":"summary_large_image","twitter_site":"@venaragunesli","schema":{"@context":"https:\/\/schema.org","@graph":[{"@type":"WebPage","@id":"https:\/\/www.venaragunesli.com\/en\/location\/","url":"https:\/\/www.venaragunesli.com\/en\/location\/","name":"Location - Venara G&uuml;ne\u015fli","isPartOf":{"@id":"https:\/\/www.venaragunesli.com\/en\/#website"},"primaryImageOfPage":{"@id":"https:\/\/www.venaragunesli.com\/en\/location\/#primaryimage"},"image":{"@id":"https:\/\/www.venaragunesli.com\/en\/location\/#primaryimage"},"thumbnailUrl":"https:\/\/www.venaragunesli.com\/en\/wp-content\/uploads\/2023\/10\/final-harita.jpg","datePublished":"2023-10-17T11:54:44+00:00","dateModified":"2024-01-02T12:44:57+00:00","breadcrumb":{"@id":"https:\/\/www.venaragunesli.com\/en\/location\/#breadcrumb"},"inLanguage":"tr","potentialAction":[{"@type":"ReadAction","target":["https:\/\/www.venaragunesli.com\/en\/location\/"]}]},{"@type":"ImageObject","inLanguage":"tr","@id":"https:\/\/www.venaragunesli.com\/en\/location\/#primaryimage","url":"https:\/\/www.venaragunesli.com\/en\/wp-content\/uploads\/2023\/10\/final-harita.jpg","contentUrl":"https:\/\/www.venaragunesli.com\/en\/wp-content\/uploads\/2023\/10\/final-harita.jpg","width":1500,"height":997},{"@type":"BreadcrumbList","@id":"https:\/\/www.venaragunesli.com\/en\/location\/#breadcrumb","itemListElement":[{"@type":"ListItem","position":1,"name":"Anasayfa","item":"https:\/\/www.venaragunesli.com\/en\/"},{"@type":"ListItem","position":2,"name":"Location"}]},{"@type":"WebSite","@id":"https:\/\/www.venaragunesli.com\/en\/#website","url":"https:\/\/www.venaragunesli.com\/en\/","name":"Venara G&uuml;ne\u015fli","description":"","publisher":{"@id":"https:\/\/www.venaragunesli.com\/en\/#organization"},"potentialAction":[{"@type":"SearchAction","target":{"@type":"EntryPoint","urlTemplate":"https:\/\/www.venaragunesli.com\/en\/?s={search_term_string}"},"query-input":{"@type":"PropertyValueSpecification","valueRequired":true,"valueName":"search_term_string"}}],"inLanguage":"tr"},{"@type":"Organization","@id":"https:\/\/www.venaragunesli.com\/en\/#organization","name":"Venara G&uuml;ne\u015fli","url":"https:\/\/www.venaragunesli.com\/en\/","logo":{"@type":"ImageObject","inLanguage":"tr","@id":"https:\/\/www.venaragunesli.com\/en\/#\/schema\/logo\/image\/","url":"https:\/\/www.venaragunesli.com\/en\/wp-content\/uploads\/2023\/11\/cropped-favi512x512.png","contentUrl":"https:\/\/www.venaragunesli.com\/en\/wp-content\/uploads\/2023\/11\/cropped-favi512x512.png","width":512,"height":512,"caption":"Venara G&uuml;ne\u015fli"},"image":{"@id":"https:\/\/www.venaragunesli.com\/en\/#\/schema\/logo\/image\/"},"sameAs":["https:\/\/www.facebook.com\/people\/Venara-Gneli\/61551633223356\/?mibextid=LQQJ4d","https:\/\/x.com\/venaragunesli","https:\/\/www.instagram.com\/venaragunesli\/?igshid=NGVhN2U2NjQ0Yg","https:\/\/www.linkedin.com\/company\/venaragunesli\/about\/","https:\/\/www.youtube.com\/channel\/UCyRvsC6yjvcn2Dx-QE4M45g"]}]}},"_links":{"self":[{"href":"https:\/\/www.venaragunesli.com\/en\/wp-json\/wp\/v2\/pages\/1098"}],"collection":[{"href":"https:\/\/www.venaragunesli.com\/en\/wp-json\/wp\/v2\/pages"}],"about":[{"href":"https:\/\/www.venaragunesli.com\/en\/wp-json\/wp\/v2\/types\/page"}],"author":[{"embeddable":true,"href":"https:\/\/www.venaragunesli.com\/en\/wp-json\/wp\/v2\/users\/1"}],"replies":[{"embeddable":true,"href":"https:\/\/www.venaragunesli.com\/en\/wp-json\/wp\/v2\/comments?post=1098"}],"version-history":[{"count":14,"href":"https:\/\/www.venaragunesli.com\/en\/wp-json\/wp\/v2\/pages\/1098\/revisions"}],"predecessor-version":[{"id":1980,"href":"https:\/\/www.venaragunesli.com\/en\/wp-json\/wp\/v2\/pages\/1098\/revisions\/1980"}],"wp:attachment":[{"href":"https:\/\/www.venaragunesli.com\/en\/wp-json\/wp\/v2\/media?parent=1098"}],"curies":[{"name":"wp","href":"https:\/\/api.w.org\/{rel}","templated":true}]}}