{"id":1025,"date":"2023-10-17T12:52:54","date_gmt":"2023-10-17T09:52:54","guid":{"rendered":"https:\/\/www.venaragunesli.com\/en\/?page_id=1025"},"modified":"2024-01-02T16:42:56","modified_gmt":"2024-01-02T13:42:56","slug":"interior-images","status":"publish","type":"page","link":"https:\/\/www.venaragunesli.com\/en\/interior-images\/","title":{"rendered":"Interior Images"},"content":{"rendered":"\t\t<div data-elementor-type=\"wp-page\" data-elementor-id=\"1025\" class=\"elementor elementor-1025\">\n\t\t\t\t<div class=\"elementor-element elementor-element-f39c199 e-flex e-con-boxed e-con e-parent\" data-id=\"f39c199\" data-element_type=\"container\">\n\t\t\t\t\t<div class=\"e-con-inner\">\n\t\t\t\t<div class=\"elementor-element elementor-element-0ea1b12 elementor-widget elementor-widget-spacer\" data-id=\"0ea1b12\" data-element_type=\"widget\" data-widget_type=\"spacer.default\">\n\t\t\t\t<div class=\"elementor-widget-container\">\n\t\t\t\t\t\t\t<div class=\"elementor-spacer\">\n\t\t\t<div class=\"elementor-spacer-inner\"><\/div>\n\t\t<\/div>\n\t\t\t\t\t\t<\/div>\n\t\t\t\t<\/div>\n\t\t\t\t<div class=\"elementor-element elementor-element-68fb872 elementor-widget elementor-widget-heading\" data-id=\"68fb872\" data-element_type=\"widget\" data-widget_type=\"heading.default\">\n\t\t\t\t<div class=\"elementor-widget-container\">\n\t\t\t\t\t<h2 class=\"elementor-heading-title elementor-size-default\">1+1<\/h2>\t\t\t\t<\/div>\n\t\t\t\t<\/div>\n\t\t\t\t<div class=\"elementor-element elementor-element-898cfa4 elementor-arrows-position-outside elementor-pagination-position-outside elementor-widget elementor-widget-image-carousel\" data-id=\"898cfa4\" data-element_type=\"widget\" data-settings=\"{&quot;slides_to_show&quot;:&quot;2&quot;,&quot;slides_to_scroll&quot;:&quot;1&quot;,&quot;image_spacing_custom&quot;:{&quot;unit&quot;:&quot;px&quot;,&quot;size&quot;:13,&quot;sizes&quot;:[]},&quot;navigation&quot;:&quot;both&quot;,&quot;autoplay&quot;:&quot;yes&quot;,&quot;pause_on_hover&quot;:&quot;yes&quot;,&quot;pause_on_interaction&quot;:&quot;yes&quot;,&quot;autoplay_speed&quot;:5000,&quot;infinite&quot;:&quot;yes&quot;,&quot;speed&quot;:500,&quot;image_spacing_custom_tablet&quot;:{&quot;unit&quot;:&quot;px&quot;,&quot;size&quot;:&quot;&quot;,&quot;sizes&quot;:[]},&quot;image_spacing_custom_mobile&quot;:{&quot;unit&quot;:&quot;px&quot;,&quot;size&quot;:&quot;&quot;,&quot;sizes&quot;:[]}}\" data-widget_type=\"image-carousel.default\">\n\t\t\t\t<div class=\"elementor-widget-container\">\n\t\t\t\t\t\t\t<div class=\"elementor-image-carousel-wrapper swiper\" role=\"region\" aria-roledescription=\"carousel\" aria-label=\"Resim D\u00f6ng\u00fcs\u00fc\" dir=\"ltr\">\n\t\t\t<div class=\"elementor-image-carousel swiper-wrapper\" aria-live=\"off\">\n\t\t\t\t\t\t\t\t<div class=\"swiper-slide\" role=\"group\" aria-roledescription=\"slide\" aria-label=\"1 \/ 7\"><figure class=\"swiper-slide-inner\"><img decoding=\"async\" class=\"swiper-slide-image\" src=\"https:\/\/www.venaragunesli.com\/en\/wp-content\/uploads\/2023\/10\/Banyo-min-1520x800.jpg\" alt=\"Banyo-min.jpg\" \/><\/figure><\/div><div class=\"swiper-slide\" role=\"group\" aria-roledescription=\"slide\" aria-label=\"2 \/ 7\"><figure class=\"swiper-slide-inner\"><img decoding=\"async\" class=\"swiper-slide-image\" src=\"https:\/\/www.venaragunesli.com\/en\/wp-content\/uploads\/2023\/10\/Hol-min-1520x800.jpg\" alt=\"Hol-min.jpg\" \/><\/figure><\/div><div class=\"swiper-slide\" role=\"group\" aria-roledescription=\"slide\" aria-label=\"3 \/ 7\"><figure class=\"swiper-slide-inner\"><img decoding=\"async\" class=\"swiper-slide-image\" src=\"https:\/\/www.venaragunesli.com\/en\/wp-content\/uploads\/2023\/10\/Salon-1-min-1520x800.jpg\" alt=\"Salon-1-min.jpg\" \/><\/figure><\/div><div class=\"swiper-slide\" role=\"group\" aria-roledescription=\"slide\" aria-label=\"4 \/ 7\"><figure class=\"swiper-slide-inner\"><img decoding=\"async\" class=\"swiper-slide-image\" src=\"https:\/\/www.venaragunesli.com\/en\/wp-content\/uploads\/2023\/10\/Salon-2-min-1520x800.jpg\" alt=\"Salon-2-min.jpg\" \/><\/figure><\/div><div class=\"swiper-slide\" role=\"group\" aria-roledescription=\"slide\" aria-label=\"5 \/ 7\"><figure class=\"swiper-slide-inner\"><img decoding=\"async\" class=\"swiper-slide-image\" src=\"https:\/\/www.venaragunesli.com\/en\/wp-content\/uploads\/2023\/10\/Salon-3-min-1520x800.jpg\" alt=\"Salon-3-min.jpg\" \/><\/figure><\/div><div class=\"swiper-slide\" role=\"group\" aria-roledescription=\"slide\" aria-label=\"6 \/ 7\"><figure class=\"swiper-slide-inner\"><img decoding=\"async\" class=\"swiper-slide-image\" src=\"https:\/\/www.venaragunesli.com\/en\/wp-content\/uploads\/2023\/10\/Yatak-Odasi-1-min-1520x800.jpg\" alt=\"Yatak-Odasi-1-min.jpg\" \/><\/figure><\/div><div class=\"swiper-slide\" role=\"group\" aria-roledescription=\"slide\" aria-label=\"7 \/ 7\"><figure class=\"swiper-slide-inner\"><img decoding=\"async\" class=\"swiper-slide-image\" src=\"https:\/\/www.venaragunesli.com\/en\/wp-content\/uploads\/2023\/10\/Yatak-Odasi-2-min-1520x800.jpg\" alt=\"Yatak-Odasi-2-min.jpg\" \/><\/figure><\/div>\t\t\t<\/div>\n\t\t\t\t\t\t\t\t\t\t\t\t<div class=\"elementor-swiper-button elementor-swiper-button-prev\" role=\"button\" tabindex=\"0\">\n\t\t\t\t\t\t<i aria-hidden=\"true\" class=\"eicon-chevron-left\"><\/i>\t\t\t\t\t<\/div>\n\t\t\t\t\t<div class=\"elementor-swiper-button elementor-swiper-button-next\" role=\"button\" tabindex=\"0\">\n\t\t\t\t\t\t<i aria-hidden=\"true\" class=\"eicon-chevron-right\"><\/i>\t\t\t\t\t<\/div>\n\t\t\t\t\n\t\t\t\t\t\t\t\t\t<div class=\"swiper-pagination\"><\/div>\n\t\t\t\t\t\t\t\t\t<\/div>\n\t\t\t\t\t\t<\/div>\n\t\t\t\t<\/div>\n\t\t\t\t<div class=\"elementor-element elementor-element-6558de0 elementor-widget elementor-widget-heading\" data-id=\"6558de0\" data-element_type=\"widget\" data-widget_type=\"heading.default\">\n\t\t\t\t<div class=\"elementor-widget-container\">\n\t\t\t\t\t<h2 class=\"elementor-heading-title elementor-size-default\">2+1<\/h2>\t\t\t\t<\/div>\n\t\t\t\t<\/div>\n\t\t\t\t<div class=\"elementor-element elementor-element-19058f2 elementor-arrows-position-outside elementor-pagination-position-outside elementor-widget elementor-widget-image-carousel\" data-id=\"19058f2\" data-element_type=\"widget\" data-settings=\"{&quot;slides_to_show&quot;:&quot;2&quot;,&quot;slides_to_scroll&quot;:&quot;1&quot;,&quot;image_spacing_custom&quot;:{&quot;unit&quot;:&quot;px&quot;,&quot;size&quot;:13,&quot;sizes&quot;:[]},&quot;navigation&quot;:&quot;both&quot;,&quot;autoplay&quot;:&quot;yes&quot;,&quot;pause_on_hover&quot;:&quot;yes&quot;,&quot;pause_on_interaction&quot;:&quot;yes&quot;,&quot;autoplay_speed&quot;:5000,&quot;infinite&quot;:&quot;yes&quot;,&quot;speed&quot;:500,&quot;image_spacing_custom_tablet&quot;:{&quot;unit&quot;:&quot;px&quot;,&quot;size&quot;:&quot;&quot;,&quot;sizes&quot;:[]},&quot;image_spacing_custom_mobile&quot;:{&quot;unit&quot;:&quot;px&quot;,&quot;size&quot;:&quot;&quot;,&quot;sizes&quot;:[]}}\" data-widget_type=\"image-carousel.default\">\n\t\t\t\t<div class=\"elementor-widget-container\">\n\t\t\t\t\t\t\t<div class=\"elementor-image-carousel-wrapper swiper\" role=\"region\" aria-roledescription=\"carousel\" aria-label=\"Resim D\u00f6ng\u00fcs\u00fc\" dir=\"ltr\">\n\t\t\t<div class=\"elementor-image-carousel swiper-wrapper\" aria-live=\"off\">\n\t\t\t\t\t\t\t\t<div class=\"swiper-slide\" role=\"group\" aria-roledescription=\"slide\" aria-label=\"1 \/ 9\"><figure class=\"swiper-slide-inner\"><img decoding=\"async\" class=\"swiper-slide-image\" src=\"https:\/\/www.venaragunesli.com\/en\/wp-content\/uploads\/2023\/10\/Salon2-min-1520x800.jpg\" alt=\"Salon2-min.jpg\" \/><\/figure><\/div><div class=\"swiper-slide\" role=\"group\" aria-roledescription=\"slide\" aria-label=\"2 \/ 9\"><figure class=\"swiper-slide-inner\"><img decoding=\"async\" class=\"swiper-slide-image\" src=\"https:\/\/www.venaragunesli.com\/en\/wp-content\/uploads\/2023\/10\/cocuk-oda1-min-1520x800.jpg\" alt=\"cocuk-oda1-min.jpg\" \/><\/figure><\/div><div class=\"swiper-slide\" role=\"group\" aria-roledescription=\"slide\" aria-label=\"3 \/ 9\"><figure class=\"swiper-slide-inner\"><img decoding=\"async\" class=\"swiper-slide-image\" src=\"https:\/\/www.venaragunesli.com\/en\/wp-content\/uploads\/2023\/10\/banyo-3-1520x800.jpg\" alt=\"banyo-3.jpg\" \/><\/figure><\/div><div class=\"swiper-slide\" role=\"group\" aria-roledescription=\"slide\" aria-label=\"4 \/ 9\"><figure class=\"swiper-slide-inner\"><img decoding=\"async\" class=\"swiper-slide-image\" src=\"https:\/\/www.venaragunesli.com\/en\/wp-content\/uploads\/2023\/10\/Salon1-min-1520x800.jpg\" alt=\"Salon1-min.jpg\" \/><\/figure><\/div><div class=\"swiper-slide\" role=\"group\" aria-roledescription=\"slide\" aria-label=\"5 \/ 9\"><figure class=\"swiper-slide-inner\"><img decoding=\"async\" class=\"swiper-slide-image\" src=\"https:\/\/www.venaragunesli.com\/en\/wp-content\/uploads\/2023\/10\/mutfak1-min-1520x800.jpg\" alt=\"mutfak1-min.jpg\" \/><\/figure><\/div><div class=\"swiper-slide\" role=\"group\" aria-roledescription=\"slide\" aria-label=\"6 \/ 9\"><figure class=\"swiper-slide-inner\"><img decoding=\"async\" class=\"swiper-slide-image\" src=\"https:\/\/www.venaragunesli.com\/en\/wp-content\/uploads\/2023\/10\/Hol-min-1-1520x800.jpg\" alt=\"Hol-min-1.jpg\" \/><\/figure><\/div><div class=\"swiper-slide\" role=\"group\" aria-roledescription=\"slide\" aria-label=\"7 \/ 9\"><figure class=\"swiper-slide-inner\"><img decoding=\"async\" class=\"swiper-slide-image\" src=\"https:\/\/www.venaragunesli.com\/en\/wp-content\/uploads\/2023\/10\/eb-banyo1-min-scaled-1-1520x800.jpg\" alt=\"eb-banyo1-min-scaled.jpg\" \/><\/figure><\/div><div class=\"swiper-slide\" role=\"group\" aria-roledescription=\"slide\" aria-label=\"8 \/ 9\"><figure class=\"swiper-slide-inner\"><img decoding=\"async\" class=\"swiper-slide-image\" src=\"https:\/\/www.venaragunesli.com\/en\/wp-content\/uploads\/2023\/10\/Eb-oda1-min-1520x800.jpg\" alt=\"Eb-oda1-min.jpg\" \/><\/figure><\/div><div class=\"swiper-slide\" role=\"group\" aria-roledescription=\"slide\" aria-label=\"9 \/ 9\"><figure class=\"swiper-slide-inner\"><img decoding=\"async\" class=\"swiper-slide-image\" src=\"https:\/\/www.venaragunesli.com\/en\/wp-content\/uploads\/2023\/10\/genel-banyo1-min-scaled-1-1520x800.jpg\" alt=\"genel-banyo1-min-scaled.jpg\" \/><\/figure><\/div>\t\t\t<\/div>\n\t\t\t\t\t\t\t\t\t\t\t\t<div class=\"elementor-swiper-button elementor-swiper-button-prev\" role=\"button\" tabindex=\"0\">\n\t\t\t\t\t\t<i aria-hidden=\"true\" class=\"eicon-chevron-left\"><\/i>\t\t\t\t\t<\/div>\n\t\t\t\t\t<div class=\"elementor-swiper-button elementor-swiper-button-next\" role=\"button\" tabindex=\"0\">\n\t\t\t\t\t\t<i aria-hidden=\"true\" class=\"eicon-chevron-right\"><\/i>\t\t\t\t\t<\/div>\n\t\t\t\t\n\t\t\t\t\t\t\t\t\t<div class=\"swiper-pagination\"><\/div>\n\t\t\t\t\t\t\t\t\t<\/div>\n\t\t\t\t\t\t<\/div>\n\t\t\t\t<\/div>\n\t\t\t\t<div class=\"elementor-element elementor-element-c059b77 elementor-widget elementor-widget-heading\" data-id=\"c059b77\" data-element_type=\"widget\" data-widget_type=\"heading.default\">\n\t\t\t\t<div class=\"elementor-widget-container\">\n\t\t\t\t\t<h2 class=\"elementor-heading-title elementor-size-default\">3+1<\/h2>\t\t\t\t<\/div>\n\t\t\t\t<\/div>\n\t\t\t\t<div class=\"elementor-element elementor-element-c16c56c elementor-arrows-position-outside elementor-pagination-position-outside elementor-widget elementor-widget-image-carousel\" data-id=\"c16c56c\" data-element_type=\"widget\" data-settings=\"{&quot;slides_to_show&quot;:&quot;2&quot;,&quot;slides_to_scroll&quot;:&quot;1&quot;,&quot;image_spacing_custom&quot;:{&quot;unit&quot;:&quot;px&quot;,&quot;size&quot;:13,&quot;sizes&quot;:[]},&quot;navigation&quot;:&quot;both&quot;,&quot;autoplay&quot;:&quot;yes&quot;,&quot;pause_on_hover&quot;:&quot;yes&quot;,&quot;pause_on_interaction&quot;:&quot;yes&quot;,&quot;autoplay_speed&quot;:5000,&quot;infinite&quot;:&quot;yes&quot;,&quot;speed&quot;:500,&quot;image_spacing_custom_tablet&quot;:{&quot;unit&quot;:&quot;px&quot;,&quot;size&quot;:&quot;&quot;,&quot;sizes&quot;:[]},&quot;image_spacing_custom_mobile&quot;:{&quot;unit&quot;:&quot;px&quot;,&quot;size&quot;:&quot;&quot;,&quot;sizes&quot;:[]}}\" data-widget_type=\"image-carousel.default\">\n\t\t\t\t<div class=\"elementor-widget-container\">\n\t\t\t\t\t\t\t<div class=\"elementor-image-carousel-wrapper swiper\" role=\"region\" aria-roledescription=\"carousel\" aria-label=\"Resim D\u00f6ng\u00fcs\u00fc\" dir=\"ltr\">\n\t\t\t<div class=\"elementor-image-carousel swiper-wrapper\" aria-live=\"off\">\n\t\t\t\t\t\t\t\t<div class=\"swiper-slide\" role=\"group\" aria-roledescription=\"slide\" aria-label=\"1 \/ 11\"><figure class=\"swiper-slide-inner\"><img decoding=\"async\" class=\"swiper-slide-image\" src=\"https:\/\/www.venaragunesli.com\/en\/wp-content\/uploads\/2023\/10\/cocuk-oda-1_page-0001-1250x800.jpg\" alt=\"cocuk-oda-1_page-0001.jpg\" \/><\/figure><\/div><div class=\"swiper-slide\" role=\"group\" aria-roledescription=\"slide\" aria-label=\"2 \/ 11\"><figure class=\"swiper-slide-inner\"><img decoding=\"async\" class=\"swiper-slide-image\" src=\"https:\/\/www.venaragunesli.com\/en\/wp-content\/uploads\/2023\/10\/cocuk-oda-2_page-0001-1244x800.jpg\" alt=\"cocuk-oda-2_page-0001.jpg\" \/><\/figure><\/div><div class=\"swiper-slide\" role=\"group\" aria-roledescription=\"slide\" aria-label=\"3 \/ 11\"><figure class=\"swiper-slide-inner\"><img decoding=\"async\" class=\"swiper-slide-image\" src=\"https:\/\/www.venaragunesli.com\/en\/wp-content\/uploads\/2023\/10\/cocuk-oda-3_page-0001-1250x800.jpg\" alt=\"cocuk-oda-3_page-0001.jpg\" \/><\/figure><\/div><div class=\"swiper-slide\" role=\"group\" aria-roledescription=\"slide\" aria-label=\"4 \/ 11\"><figure class=\"swiper-slide-inner\"><img decoding=\"async\" class=\"swiper-slide-image\" src=\"https:\/\/www.venaragunesli.com\/en\/wp-content\/uploads\/2023\/10\/cocuk-oda-4_page-0001-1219x800.jpg\" alt=\"cocuk-oda-4_page-0001.jpg\" \/><\/figure><\/div><div class=\"swiper-slide\" role=\"group\" aria-roledescription=\"slide\" aria-label=\"5 \/ 11\"><figure class=\"swiper-slide-inner\"><img decoding=\"async\" class=\"swiper-slide-image\" src=\"https:\/\/www.venaragunesli.com\/en\/wp-content\/uploads\/2023\/10\/eb-oda1_page-0001-1250x800.jpg\" alt=\"eb-oda1_page-0001.jpg\" \/><\/figure><\/div><div class=\"swiper-slide\" role=\"group\" aria-roledescription=\"slide\" aria-label=\"6 \/ 11\"><figure class=\"swiper-slide-inner\"><img decoding=\"async\" class=\"swiper-slide-image\" src=\"https:\/\/www.venaragunesli.com\/en\/wp-content\/uploads\/2023\/10\/eb-oda2_page-0001-1250x800.jpg\" alt=\"eb-oda2_page-0001.jpg\" \/><\/figure><\/div><div class=\"swiper-slide\" role=\"group\" aria-roledescription=\"slide\" aria-label=\"7 \/ 11\"><figure class=\"swiper-slide-inner\"><img decoding=\"async\" class=\"swiper-slide-image\" src=\"https:\/\/www.venaragunesli.com\/en\/wp-content\/uploads\/2023\/10\/hol_page-0001-1250x800.jpg\" alt=\"hol_page-0001.jpg\" \/><\/figure><\/div><div class=\"swiper-slide\" role=\"group\" aria-roledescription=\"slide\" aria-label=\"8 \/ 11\"><figure class=\"swiper-slide-inner\"><img decoding=\"async\" class=\"swiper-slide-image\" src=\"https:\/\/www.venaragunesli.com\/en\/wp-content\/uploads\/2023\/10\/mutfak1_page-0001.jpg\" alt=\"mutfak1_page-0001.jpg\" \/><\/figure><\/div><div class=\"swiper-slide\" role=\"group\" aria-roledescription=\"slide\" aria-label=\"9 \/ 11\"><figure class=\"swiper-slide-inner\"><img decoding=\"async\" class=\"swiper-slide-image\" src=\"https:\/\/www.venaragunesli.com\/en\/wp-content\/uploads\/2023\/10\/mutfak2_page-0001.jpg\" alt=\"mutfak2_page-0001.jpg\" \/><\/figure><\/div><div class=\"swiper-slide\" role=\"group\" aria-roledescription=\"slide\" aria-label=\"10 \/ 11\"><figure class=\"swiper-slide-inner\"><img decoding=\"async\" class=\"swiper-slide-image\" src=\"https:\/\/www.venaragunesli.com\/en\/wp-content\/uploads\/2023\/10\/31-Salon1_page-0001-1250x800.jpg\" alt=\"31-Salon1_page-0001.jpg\" \/><\/figure><\/div><div class=\"swiper-slide\" role=\"group\" aria-roledescription=\"slide\" aria-label=\"11 \/ 11\"><figure class=\"swiper-slide-inner\"><img decoding=\"async\" class=\"swiper-slide-image\" src=\"https:\/\/www.venaragunesli.com\/en\/wp-content\/uploads\/2023\/10\/31-Salon2_page-0001-1250x800.jpg\" alt=\"31-Salon2_page-0001.jpg\" \/><\/figure><\/div>\t\t\t<\/div>\n\t\t\t\t\t\t\t\t\t\t\t\t<div class=\"elementor-swiper-button elementor-swiper-button-prev\" role=\"button\" tabindex=\"0\">\n\t\t\t\t\t\t<i aria-hidden=\"true\" class=\"eicon-chevron-left\"><\/i>\t\t\t\t\t<\/div>\n\t\t\t\t\t<div class=\"elementor-swiper-button elementor-swiper-button-next\" role=\"button\" tabindex=\"0\">\n\t\t\t\t\t\t<i aria-hidden=\"true\" class=\"eicon-chevron-right\"><\/i>\t\t\t\t\t<\/div>\n\t\t\t\t\n\t\t\t\t\t\t\t\t\t<div class=\"swiper-pagination\"><\/div>\n\t\t\t\t\t\t\t\t\t<\/div>\n\t\t\t\t\t\t<\/div>\n\t\t\t\t<\/div>\n\t\t\t\t\t<\/div>\n\t\t\t\t<\/div>\n\t\t\t\t<\/div>\n\t\t","protected":false},"excerpt":{"rendered":"<p>1+1 2+1 3+1<\/p>\n","protected":false},"author":1,"featured_media":0,"parent":0,"menu_order":0,"comment_status":"closed","ping_status":"closed","template":"","meta":{"footnotes":""},"yoast_head":"<!-- This site is optimized with the Yoast SEO plugin v23.5 - https:\/\/yoast.com\/wordpress\/plugins\/seo\/ -->\n<title>Interior Images - Venara G&uuml;ne\u015fli<\/title>\n<meta name=\"robots\" content=\"index, follow, max-snippet:-1, max-image-preview:large, max-video-preview:-1\" \/>\n<link rel=\"canonical\" href=\"https:\/\/www.venaragunesli.com\/en\/interior-images\/\" \/>\n<meta property=\"og:locale\" content=\"tr_TR\" \/>\n<meta property=\"og:type\" content=\"article\" \/>\n<meta property=\"og:title\" content=\"Interior Images - Venara G&uuml;ne\u015fli\" \/>\n<meta property=\"og:description\" content=\"1+1 2+1 3+1\" \/>\n<meta property=\"og:url\" content=\"https:\/\/www.venaragunesli.com\/en\/interior-images\/\" \/>\n<meta property=\"og:site_name\" content=\"Venara G&uuml;ne\u015fli\" \/>\n<meta property=\"article:publisher\" content=\"https:\/\/www.facebook.com\/people\/Venara-Gneli\/61551633223356\/?mibextid=LQQJ4d\" \/>\n<meta property=\"article:modified_time\" content=\"2024-01-02T13:42:56+00:00\" \/>\n<meta property=\"og:image\" content=\"https:\/\/www.venaragunesli.com\/en\/wp-content\/uploads\/2023\/10\/Banyo-min-1520x800.jpg\" \/>\n<meta name=\"twitter:card\" content=\"summary_large_image\" \/>\n<meta name=\"twitter:site\" content=\"@venaragunesli\" \/>\n<meta name=\"twitter:label1\" content=\"Tahmini okuma s\u00fcresi\" \/>\n\t<meta name=\"twitter:data1\" content=\"6 dakika\" \/>\n<script type=\"application\/ld+json\" class=\"yoast-schema-graph\">{\"@context\":\"https:\/\/schema.org\",\"@graph\":[{\"@type\":\"WebPage\",\"@id\":\"https:\/\/www.venaragunesli.com\/en\/interior-images\/\",\"url\":\"https:\/\/www.venaragunesli.com\/en\/interior-images\/\",\"name\":\"Interior Images - Venara G&uuml;ne\u015fli\",\"isPartOf\":{\"@id\":\"https:\/\/www.venaragunesli.com\/en\/#website\"},\"primaryImageOfPage\":{\"@id\":\"https:\/\/www.venaragunesli.com\/en\/interior-images\/#primaryimage\"},\"image\":{\"@id\":\"https:\/\/www.venaragunesli.com\/en\/interior-images\/#primaryimage\"},\"thumbnailUrl\":\"https:\/\/www.venaragunesli.com\/en\/wp-content\/uploads\/2023\/10\/Banyo-min-1520x800.jpg\",\"datePublished\":\"2023-10-17T09:52:54+00:00\",\"dateModified\":\"2024-01-02T13:42:56+00:00\",\"breadcrumb\":{\"@id\":\"https:\/\/www.venaragunesli.com\/en\/interior-images\/#breadcrumb\"},\"inLanguage\":\"tr\",\"potentialAction\":[{\"@type\":\"ReadAction\",\"target\":[\"https:\/\/www.venaragunesli.com\/en\/interior-images\/\"]}]},{\"@type\":\"ImageObject\",\"inLanguage\":\"tr\",\"@id\":\"https:\/\/www.venaragunesli.com\/en\/interior-images\/#primaryimage\",\"url\":\"https:\/\/www.venaragunesli.com\/en\/wp-content\/uploads\/2023\/10\/Banyo-min.jpg\",\"contentUrl\":\"https:\/\/www.venaragunesli.com\/en\/wp-content\/uploads\/2023\/10\/Banyo-min.jpg\",\"width\":2500,\"height\":2500},{\"@type\":\"BreadcrumbList\",\"@id\":\"https:\/\/www.venaragunesli.com\/en\/interior-images\/#breadcrumb\",\"itemListElement\":[{\"@type\":\"ListItem\",\"position\":1,\"name\":\"Anasayfa\",\"item\":\"https:\/\/www.venaragunesli.com\/en\/\"},{\"@type\":\"ListItem\",\"position\":2,\"name\":\"Interior Images\"}]},{\"@type\":\"WebSite\",\"@id\":\"https:\/\/www.venaragunesli.com\/en\/#website\",\"url\":\"https:\/\/www.venaragunesli.com\/en\/\",\"name\":\"Venara G&uuml;ne\u015fli\",\"description\":\"\",\"publisher\":{\"@id\":\"https:\/\/www.venaragunesli.com\/en\/#organization\"},\"potentialAction\":[{\"@type\":\"SearchAction\",\"target\":{\"@type\":\"EntryPoint\",\"urlTemplate\":\"https:\/\/www.venaragunesli.com\/en\/?s={search_term_string}\"},\"query-input\":{\"@type\":\"PropertyValueSpecification\",\"valueRequired\":true,\"valueName\":\"search_term_string\"}}],\"inLanguage\":\"tr\"},{\"@type\":\"Organization\",\"@id\":\"https:\/\/www.venaragunesli.com\/en\/#organization\",\"name\":\"Venara G&uuml;ne\u015fli\",\"url\":\"https:\/\/www.venaragunesli.com\/en\/\",\"logo\":{\"@type\":\"ImageObject\",\"inLanguage\":\"tr\",\"@id\":\"https:\/\/www.venaragunesli.com\/en\/#\/schema\/logo\/image\/\",\"url\":\"https:\/\/www.venaragunesli.com\/en\/wp-content\/uploads\/2023\/11\/cropped-favi512x512.png\",\"contentUrl\":\"https:\/\/www.venaragunesli.com\/en\/wp-content\/uploads\/2023\/11\/cropped-favi512x512.png\",\"width\":512,\"height\":512,\"caption\":\"Venara G&uuml;ne\u015fli\"},\"image\":{\"@id\":\"https:\/\/www.venaragunesli.com\/en\/#\/schema\/logo\/image\/\"},\"sameAs\":[\"https:\/\/www.facebook.com\/people\/Venara-Gneli\/61551633223356\/?mibextid=LQQJ4d\",\"https:\/\/x.com\/venaragunesli\",\"https:\/\/www.instagram.com\/venaragunesli\/?igshid=NGVhN2U2NjQ0Yg\",\"https:\/\/www.linkedin.com\/company\/venaragunesli\/about\/\",\"https:\/\/www.youtube.com\/channel\/UCyRvsC6yjvcn2Dx-QE4M45g\"]}]}<\/script>\n<!-- \/ Yoast SEO plugin. -->","yoast_head_json":{"title":"Interior Images - Venara G&uuml;ne\u015fli","robots":{"index":"index","follow":"follow","max-snippet":"max-snippet:-1","max-image-preview":"max-image-preview:large","max-video-preview":"max-video-preview:-1"},"canonical":"https:\/\/www.venaragunesli.com\/en\/interior-images\/","og_locale":"tr_TR","og_type":"article","og_title":"Interior Images - Venara G&uuml;ne\u015fli","og_description":"1+1 2+1 3+1","og_url":"https:\/\/www.venaragunesli.com\/en\/interior-images\/","og_site_name":"Venara G&uuml;ne\u015fli","article_publisher":"https:\/\/www.facebook.com\/people\/Venara-Gneli\/61551633223356\/?mibextid=LQQJ4d","article_modified_time":"2024-01-02T13:42:56+00:00","og_image":[{"url":"https:\/\/www.venaragunesli.com\/en\/wp-content\/uploads\/2023\/10\/Banyo-min-1520x800.jpg"}],"twitter_card":"summary_large_image","twitter_site":"@venaragunesli","twitter_misc":{"Tahmini okuma s\u00fcresi":"6 dakika"},"schema":{"@context":"https:\/\/schema.org","@graph":[{"@type":"WebPage","@id":"https:\/\/www.venaragunesli.com\/en\/interior-images\/","url":"https:\/\/www.venaragunesli.com\/en\/interior-images\/","name":"Interior Images - Venara G&uuml;ne\u015fli","isPartOf":{"@id":"https:\/\/www.venaragunesli.com\/en\/#website"},"primaryImageOfPage":{"@id":"https:\/\/www.venaragunesli.com\/en\/interior-images\/#primaryimage"},"image":{"@id":"https:\/\/www.venaragunesli.com\/en\/interior-images\/#primaryimage"},"thumbnailUrl":"https:\/\/www.venaragunesli.com\/en\/wp-content\/uploads\/2023\/10\/Banyo-min-1520x800.jpg","datePublished":"2023-10-17T09:52:54+00:00","dateModified":"2024-01-02T13:42:56+00:00","breadcrumb":{"@id":"https:\/\/www.venaragunesli.com\/en\/interior-images\/#breadcrumb"},"inLanguage":"tr","potentialAction":[{"@type":"ReadAction","target":["https:\/\/www.venaragunesli.com\/en\/interior-images\/"]}]},{"@type":"ImageObject","inLanguage":"tr","@id":"https:\/\/www.venaragunesli.com\/en\/interior-images\/#primaryimage","url":"https:\/\/www.venaragunesli.com\/en\/wp-content\/uploads\/2023\/10\/Banyo-min.jpg","contentUrl":"https:\/\/www.venaragunesli.com\/en\/wp-content\/uploads\/2023\/10\/Banyo-min.jpg","width":2500,"height":2500},{"@type":"BreadcrumbList","@id":"https:\/\/www.venaragunesli.com\/en\/interior-images\/#breadcrumb","itemListElement":[{"@type":"ListItem","position":1,"name":"Anasayfa","item":"https:\/\/www.venaragunesli.com\/en\/"},{"@type":"ListItem","position":2,"name":"Interior Images"}]},{"@type":"WebSite","@id":"https:\/\/www.venaragunesli.com\/en\/#website","url":"https:\/\/www.venaragunesli.com\/en\/","name":"Venara G&uuml;ne\u015fli","description":"","publisher":{"@id":"https:\/\/www.venaragunesli.com\/en\/#organization"},"potentialAction":[{"@type":"SearchAction","target":{"@type":"EntryPoint","urlTemplate":"https:\/\/www.venaragunesli.com\/en\/?s={search_term_string}"},"query-input":{"@type":"PropertyValueSpecification","valueRequired":true,"valueName":"search_term_string"}}],"inLanguage":"tr"},{"@type":"Organization","@id":"https:\/\/www.venaragunesli.com\/en\/#organization","name":"Venara G&uuml;ne\u015fli","url":"https:\/\/www.venaragunesli.com\/en\/","logo":{"@type":"ImageObject","inLanguage":"tr","@id":"https:\/\/www.venaragunesli.com\/en\/#\/schema\/logo\/image\/","url":"https:\/\/www.venaragunesli.com\/en\/wp-content\/uploads\/2023\/11\/cropped-favi512x512.png","contentUrl":"https:\/\/www.venaragunesli.com\/en\/wp-content\/uploads\/2023\/11\/cropped-favi512x512.png","width":512,"height":512,"caption":"Venara G&uuml;ne\u015fli"},"image":{"@id":"https:\/\/www.venaragunesli.com\/en\/#\/schema\/logo\/image\/"},"sameAs":["https:\/\/www.facebook.com\/people\/Venara-Gneli\/61551633223356\/?mibextid=LQQJ4d","https:\/\/x.com\/venaragunesli","https:\/\/www.instagram.com\/venaragunesli\/?igshid=NGVhN2U2NjQ0Yg","https:\/\/www.linkedin.com\/company\/venaragunesli\/about\/","https:\/\/www.youtube.com\/channel\/UCyRvsC6yjvcn2Dx-QE4M45g"]}]}},"_links":{"self":[{"href":"https:\/\/www.venaragunesli.com\/en\/wp-json\/wp\/v2\/pages\/1025"}],"collection":[{"href":"https:\/\/www.venaragunesli.com\/en\/wp-json\/wp\/v2\/pages"}],"about":[{"href":"https:\/\/www.venaragunesli.com\/en\/wp-json\/wp\/v2\/types\/page"}],"author":[{"embeddable":true,"href":"https:\/\/www.venaragunesli.com\/en\/wp-json\/wp\/v2\/users\/1"}],"replies":[{"embeddable":true,"href":"https:\/\/www.venaragunesli.com\/en\/wp-json\/wp\/v2\/comments?post=1025"}],"version-history":[{"count":12,"href":"https:\/\/www.venaragunesli.com\/en\/wp-json\/wp\/v2\/pages\/1025\/revisions"}],"predecessor-version":[{"id":2071,"href":"https:\/\/www.venaragunesli.com\/en\/wp-json\/wp\/v2\/pages\/1025\/revisions\/2071"}],"wp:attachment":[{"href":"https:\/\/www.venaragunesli.com\/en\/wp-json\/wp\/v2\/media?parent=1025"}],"curies":[{"name":"wp","href":"https:\/\/api.w.org\/{rel}","templated":true}]}}