{"id":1017,"date":"2023-10-17T12:40:59","date_gmt":"2023-10-17T09:40:59","guid":{"rendered":"https:\/\/www.venaragunesli.com\/en\/?page_id=1017"},"modified":"2024-01-02T16:28:06","modified_gmt":"2024-01-02T13:28:06","slug":"project-overview","status":"publish","type":"page","link":"https:\/\/www.venaragunesli.com\/en\/project-overview\/","title":{"rendered":"Project Overview"},"content":{"rendered":"\t\t<div data-elementor-type=\"wp-page\" data-elementor-id=\"1017\" class=\"elementor elementor-1017\">\n\t\t\t\t<div class=\"elementor-element elementor-element-73eb02f e-flex e-con-boxed e-con e-parent\" data-id=\"73eb02f\" data-element_type=\"container\">\n\t\t\t\t\t<div class=\"e-con-inner\">\n\t\t\t\t<div class=\"elementor-element elementor-element-23589e5 elementor-widget elementor-widget-spacer\" data-id=\"23589e5\" data-element_type=\"widget\" data-widget_type=\"spacer.default\">\n\t\t\t\t<div class=\"elementor-widget-container\">\n\t\t\t\t\t\t\t<div class=\"elementor-spacer\">\n\t\t\t<div class=\"elementor-spacer-inner\"><\/div>\n\t\t<\/div>\n\t\t\t\t\t\t<\/div>\n\t\t\t\t<\/div>\n\t\t\t\t<div class=\"elementor-element elementor-element-0240b8a elementor-widget elementor-widget-heading\" data-id=\"0240b8a\" data-element_type=\"widget\" data-widget_type=\"heading.default\">\n\t\t\t\t<div class=\"elementor-widget-container\">\n\t\t\t\t\t<h2 class=\"elementor-heading-title elementor-size-default\">Why Venara?<\/h2>\t\t\t\t<\/div>\n\t\t\t\t<\/div>\n\t\t\t\t<div class=\"elementor-element elementor-element-9daf977 elementor-widget elementor-widget-text-editor\" data-id=\"9daf977\" data-element_type=\"widget\" data-widget_type=\"text-editor.default\">\n\t\t\t\t<div class=\"elementor-widget-container\">\n\t\t\t\t\t\t\t\t\t<p>With the advantage of being a company within the body of \u00d6zen Group &#8211; Onur markets, the pioneer of the retail industry, \u0130nas Yap\u0131 lives side by side with hundreds of thousands of consumer groups every day and examines the expectations, consumption habits and needs of these people very closely.<\/p><p>Nowadays, the way to be successful is to analyze the demands and needs of consumers correctly.<\/p><p>Here, \u0130nas Yap\u0131 has successfully transferred the vast experience it has gained from the retail sector and different consumer profiles to the housing sector and has put its signature on the sector with a qualified housing project developed primarily in Trakya \u00c7orlu district.<\/p><p>This project was named VENARA, which means planet Venus. In addition to being the closest planet to our earth, Venus means love and passion in mythology.<\/p><p>The most valuable thing in human life is, of course, their homes, that is, their homes. \u0130nas Yap\u0131 has made it its goal to build houses that consumer groups will be passionately attached to and has named the project VENARA.<\/p><p>\u0130nas Yap\u0131 has and will continue to give the name VENARA to the housing projects it develops. Another example of these projects is the housing project named Venara Ba\u011fc\u0131lar, which was produced in Ba\u011fc\u0131lar and where life begins completely.<\/p>\t\t\t\t\t\t\t\t<\/div>\n\t\t\t\t<\/div>\n\t\t\t\t<div class=\"elementor-element elementor-element-c9d03ca elementor-widget elementor-widget-heading\" data-id=\"c9d03ca\" data-element_type=\"widget\" data-widget_type=\"heading.default\">\n\t\t\t\t<div class=\"elementor-widget-container\">\n\t\t\t\t\t<h2 class=\"elementor-heading-title elementor-size-default\">Location<\/h2>\t\t\t\t<\/div>\n\t\t\t\t<\/div>\n\t\t\t\t<div class=\"elementor-element elementor-element-b72ecdc elementor-widget elementor-widget-text-editor\" data-id=\"b72ecdc\" data-element_type=\"widget\" data-widget_type=\"text-editor.default\">\n\t\t\t\t<div class=\"elementor-widget-container\">\n\t\t\t\t\t\t\t\t\t<p>Venara G\u00fcne\u015fli is located in a unique location that has become the center of attention of local and foreign consumers, earning the title of being the second plaza center of Istanbul after Maslak.<\/p><p>In the region where new and modern construction is located, there are new generation business centers, prestigious companies, star hotels, shopping malls, schools, university campuses and contemporary housing projects. On the one hand, it is close to the new Istanbul Airport and sea transportation, and on the other hand, it offers comfort and convenience to the residents of the region, which is at the center of all main transportation arteries. With its newly constructed metro networks and public transportation facilities, it has gained a more advantageous position than many other regions.<\/p><p>It is just a 1-minute walk from Mimar Sinan Metro stop, which is one of the main transfer stops and has connections to many different lines in Istanbul&#8217;s public transportation network. (50 meters)<\/p><p>In summary, Venara G\u00fcne\u015fli Project is located at the center of civilization and comfort.<\/p>\t\t\t\t\t\t\t\t<\/div>\n\t\t\t\t<\/div>\n\t\t\t\t<div class=\"elementor-element elementor-element-efa8892 elementor-widget elementor-widget-heading\" data-id=\"efa8892\" data-element_type=\"widget\" data-widget_type=\"heading.default\">\n\t\t\t\t<div class=\"elementor-widget-container\">\n\t\t\t\t\t<h2 class=\"elementor-heading-title elementor-size-default\">Project Features<\/h2>\t\t\t\t<\/div>\n\t\t\t\t<\/div>\n\t\t\t\t<div class=\"elementor-element elementor-element-9ca6158 elementor-widget elementor-widget-text-editor\" data-id=\"9ca6158\" data-element_type=\"widget\" data-widget_type=\"text-editor.default\">\n\t\t\t\t<div class=\"elementor-widget-container\">\n\t\t\t\t\t\t\t\t\t<p>Offering a unique quality with its architectural details, Venara G\u00fcne\u015fli is a boutique site consisting of a total of 211 flats in 2 blocks, meeting all kinds of social activity needs of its owners and offering 24\/7 security service. In the project, a total of 4000 m\u00b2 of shopping area consisting of 1+1, 2+1 and 3+1 flats and 12 commercial units that will meet the basic needs at the site entrance will be realized with the comfort-oriented structure and useful interior design required by modern life.<\/p><p>Considering every detail for you and your loved ones, Venara G\u00fcne\u015fli offers you a healthy quality of life with sports and social living areas that will energize your life.<\/p><p>We offer you the privilege of comfortable and reliable use with our indoor parking capacity of 252 vehicles and electric charging stations in Venara G\u00fcne\u015fli.<\/p>\t\t\t\t\t\t\t\t<\/div>\n\t\t\t\t<\/div>\n\t\t\t\t\t<\/div>\n\t\t\t\t<\/div>\n\t\t\t\t<\/div>\n\t\t","protected":false},"excerpt":{"rendered":"<p>Why Venara? With the advantage of being a company within the body of \u00d6zen Group &#8211; Onur markets, the pioneer of the retail industry, \u0130nas Yap\u0131 lives side by side with hundreds of thousands of consumer groups every day and examines the expectations, consumption habits and needs of these people very closely. Nowadays, the way [&hellip;]<\/p>\n","protected":false},"author":1,"featured_media":0,"parent":0,"menu_order":0,"comment_status":"closed","ping_status":"closed","template":"","meta":{"footnotes":""},"yoast_head":"<!-- This site is optimized with the Yoast SEO plugin v23.5 - https:\/\/yoast.com\/wordpress\/plugins\/seo\/ -->\n<title>Project Overview - Venara G&uuml;ne\u015fli<\/title>\n<meta name=\"robots\" content=\"index, follow, max-snippet:-1, max-image-preview:large, max-video-preview:-1\" \/>\n<link rel=\"canonical\" href=\"https:\/\/www.venaragunesli.com\/en\/project-overview\/\" \/>\n<meta property=\"og:locale\" content=\"tr_TR\" \/>\n<meta property=\"og:type\" content=\"article\" \/>\n<meta property=\"og:title\" content=\"Project Overview - Venara G&uuml;ne\u015fli\" \/>\n<meta property=\"og:description\" content=\"Why Venara? With the advantage of being a company within the body of \u00d6zen Group &#8211; Onur markets, the pioneer of the retail industry, \u0130nas Yap\u0131 lives side by side with hundreds of thousands of consumer groups every day and examines the expectations, consumption habits and needs of these people very closely. Nowadays, the way [&hellip;]\" \/>\n<meta property=\"og:url\" content=\"https:\/\/www.venaragunesli.com\/en\/project-overview\/\" \/>\n<meta property=\"og:site_name\" content=\"Venara G&uuml;ne\u015fli\" \/>\n<meta property=\"article:publisher\" content=\"https:\/\/www.facebook.com\/people\/Venara-Gneli\/61551633223356\/?mibextid=LQQJ4d\" \/>\n<meta property=\"article:modified_time\" content=\"2024-01-02T13:28:06+00:00\" \/>\n<meta name=\"twitter:card\" content=\"summary_large_image\" \/>\n<meta name=\"twitter:site\" content=\"@venaragunesli\" \/>\n<meta name=\"twitter:label1\" content=\"Tahmini okuma s\u00fcresi\" \/>\n\t<meta name=\"twitter:data1\" content=\"4 dakika\" \/>\n<script type=\"application\/ld+json\" class=\"yoast-schema-graph\">{\"@context\":\"https:\/\/schema.org\",\"@graph\":[{\"@type\":\"WebPage\",\"@id\":\"https:\/\/www.venaragunesli.com\/en\/project-overview\/\",\"url\":\"https:\/\/www.venaragunesli.com\/en\/project-overview\/\",\"name\":\"Project Overview - Venara G&uuml;ne\u015fli\",\"isPartOf\":{\"@id\":\"https:\/\/www.venaragunesli.com\/en\/#website\"},\"datePublished\":\"2023-10-17T09:40:59+00:00\",\"dateModified\":\"2024-01-02T13:28:06+00:00\",\"breadcrumb\":{\"@id\":\"https:\/\/www.venaragunesli.com\/en\/project-overview\/#breadcrumb\"},\"inLanguage\":\"tr\",\"potentialAction\":[{\"@type\":\"ReadAction\",\"target\":[\"https:\/\/www.venaragunesli.com\/en\/project-overview\/\"]}]},{\"@type\":\"BreadcrumbList\",\"@id\":\"https:\/\/www.venaragunesli.com\/en\/project-overview\/#breadcrumb\",\"itemListElement\":[{\"@type\":\"ListItem\",\"position\":1,\"name\":\"Anasayfa\",\"item\":\"https:\/\/www.venaragunesli.com\/en\/\"},{\"@type\":\"ListItem\",\"position\":2,\"name\":\"Project Overview\"}]},{\"@type\":\"WebSite\",\"@id\":\"https:\/\/www.venaragunesli.com\/en\/#website\",\"url\":\"https:\/\/www.venaragunesli.com\/en\/\",\"name\":\"Venara G&uuml;ne\u015fli\",\"description\":\"\",\"publisher\":{\"@id\":\"https:\/\/www.venaragunesli.com\/en\/#organization\"},\"potentialAction\":[{\"@type\":\"SearchAction\",\"target\":{\"@type\":\"EntryPoint\",\"urlTemplate\":\"https:\/\/www.venaragunesli.com\/en\/?s={search_term_string}\"},\"query-input\":{\"@type\":\"PropertyValueSpecification\",\"valueRequired\":true,\"valueName\":\"search_term_string\"}}],\"inLanguage\":\"tr\"},{\"@type\":\"Organization\",\"@id\":\"https:\/\/www.venaragunesli.com\/en\/#organization\",\"name\":\"Venara G&uuml;ne\u015fli\",\"url\":\"https:\/\/www.venaragunesli.com\/en\/\",\"logo\":{\"@type\":\"ImageObject\",\"inLanguage\":\"tr\",\"@id\":\"https:\/\/www.venaragunesli.com\/en\/#\/schema\/logo\/image\/\",\"url\":\"https:\/\/www.venaragunesli.com\/en\/wp-content\/uploads\/2023\/11\/cropped-favi512x512.png\",\"contentUrl\":\"https:\/\/www.venaragunesli.com\/en\/wp-content\/uploads\/2023\/11\/cropped-favi512x512.png\",\"width\":512,\"height\":512,\"caption\":\"Venara G&uuml;ne\u015fli\"},\"image\":{\"@id\":\"https:\/\/www.venaragunesli.com\/en\/#\/schema\/logo\/image\/\"},\"sameAs\":[\"https:\/\/www.facebook.com\/people\/Venara-Gneli\/61551633223356\/?mibextid=LQQJ4d\",\"https:\/\/x.com\/venaragunesli\",\"https:\/\/www.instagram.com\/venaragunesli\/?igshid=NGVhN2U2NjQ0Yg\",\"https:\/\/www.linkedin.com\/company\/venaragunesli\/about\/\",\"https:\/\/www.youtube.com\/channel\/UCyRvsC6yjvcn2Dx-QE4M45g\"]}]}<\/script>\n<!-- \/ Yoast SEO plugin. -->","yoast_head_json":{"title":"Project Overview - Venara G&uuml;ne\u015fli","robots":{"index":"index","follow":"follow","max-snippet":"max-snippet:-1","max-image-preview":"max-image-preview:large","max-video-preview":"max-video-preview:-1"},"canonical":"https:\/\/www.venaragunesli.com\/en\/project-overview\/","og_locale":"tr_TR","og_type":"article","og_title":"Project Overview - Venara G&uuml;ne\u015fli","og_description":"Why Venara? With the advantage of being a company within the body of \u00d6zen Group &#8211; Onur markets, the pioneer of the retail industry, \u0130nas Yap\u0131 lives side by side with hundreds of thousands of consumer groups every day and examines the expectations, consumption habits and needs of these people very closely. Nowadays, the way [&hellip;]","og_url":"https:\/\/www.venaragunesli.com\/en\/project-overview\/","og_site_name":"Venara G&uuml;ne\u015fli","article_publisher":"https:\/\/www.facebook.com\/people\/Venara-Gneli\/61551633223356\/?mibextid=LQQJ4d","article_modified_time":"2024-01-02T13:28:06+00:00","twitter_card":"summary_large_image","twitter_site":"@venaragunesli","twitter_misc":{"Tahmini okuma s\u00fcresi":"4 dakika"},"schema":{"@context":"https:\/\/schema.org","@graph":[{"@type":"WebPage","@id":"https:\/\/www.venaragunesli.com\/en\/project-overview\/","url":"https:\/\/www.venaragunesli.com\/en\/project-overview\/","name":"Project Overview - Venara G&uuml;ne\u015fli","isPartOf":{"@id":"https:\/\/www.venaragunesli.com\/en\/#website"},"datePublished":"2023-10-17T09:40:59+00:00","dateModified":"2024-01-02T13:28:06+00:00","breadcrumb":{"@id":"https:\/\/www.venaragunesli.com\/en\/project-overview\/#breadcrumb"},"inLanguage":"tr","potentialAction":[{"@type":"ReadAction","target":["https:\/\/www.venaragunesli.com\/en\/project-overview\/"]}]},{"@type":"BreadcrumbList","@id":"https:\/\/www.venaragunesli.com\/en\/project-overview\/#breadcrumb","itemListElement":[{"@type":"ListItem","position":1,"name":"Anasayfa","item":"https:\/\/www.venaragunesli.com\/en\/"},{"@type":"ListItem","position":2,"name":"Project Overview"}]},{"@type":"WebSite","@id":"https:\/\/www.venaragunesli.com\/en\/#website","url":"https:\/\/www.venaragunesli.com\/en\/","name":"Venara G&uuml;ne\u015fli","description":"","publisher":{"@id":"https:\/\/www.venaragunesli.com\/en\/#organization"},"potentialAction":[{"@type":"SearchAction","target":{"@type":"EntryPoint","urlTemplate":"https:\/\/www.venaragunesli.com\/en\/?s={search_term_string}"},"query-input":{"@type":"PropertyValueSpecification","valueRequired":true,"valueName":"search_term_string"}}],"inLanguage":"tr"},{"@type":"Organization","@id":"https:\/\/www.venaragunesli.com\/en\/#organization","name":"Venara G&uuml;ne\u015fli","url":"https:\/\/www.venaragunesli.com\/en\/","logo":{"@type":"ImageObject","inLanguage":"tr","@id":"https:\/\/www.venaragunesli.com\/en\/#\/schema\/logo\/image\/","url":"https:\/\/www.venaragunesli.com\/en\/wp-content\/uploads\/2023\/11\/cropped-favi512x512.png","contentUrl":"https:\/\/www.venaragunesli.com\/en\/wp-content\/uploads\/2023\/11\/cropped-favi512x512.png","width":512,"height":512,"caption":"Venara G&uuml;ne\u015fli"},"image":{"@id":"https:\/\/www.venaragunesli.com\/en\/#\/schema\/logo\/image\/"},"sameAs":["https:\/\/www.facebook.com\/people\/Venara-Gneli\/61551633223356\/?mibextid=LQQJ4d","https:\/\/x.com\/venaragunesli","https:\/\/www.instagram.com\/venaragunesli\/?igshid=NGVhN2U2NjQ0Yg","https:\/\/www.linkedin.com\/company\/venaragunesli\/about\/","https:\/\/www.youtube.com\/channel\/UCyRvsC6yjvcn2Dx-QE4M45g"]}]}},"_links":{"self":[{"href":"https:\/\/www.venaragunesli.com\/en\/wp-json\/wp\/v2\/pages\/1017"}],"collection":[{"href":"https:\/\/www.venaragunesli.com\/en\/wp-json\/wp\/v2\/pages"}],"about":[{"href":"https:\/\/www.venaragunesli.com\/en\/wp-json\/wp\/v2\/types\/page"}],"author":[{"embeddable":true,"href":"https:\/\/www.venaragunesli.com\/en\/wp-json\/wp\/v2\/users\/1"}],"replies":[{"embeddable":true,"href":"https:\/\/www.venaragunesli.com\/en\/wp-json\/wp\/v2\/comments?post=1017"}],"version-history":[{"count":32,"href":"https:\/\/www.venaragunesli.com\/en\/wp-json\/wp\/v2\/pages\/1017\/revisions"}],"predecessor-version":[{"id":2049,"href":"https:\/\/www.venaragunesli.com\/en\/wp-json\/wp\/v2\/pages\/1017\/revisions\/2049"}],"wp:attachment":[{"href":"https:\/\/www.venaragunesli.com\/en\/wp-json\/wp\/v2\/media?parent=1017"}],"curies":[{"name":"wp","href":"https:\/\/api.w.org\/{rel}","templated":true}]}}